{"id":16,"date":"2023-08-31T11:05:20","date_gmt":"2023-08-31T04:05:20","guid":{"rendered":"https:\/\/nestor.vn\/?page_id=16"},"modified":"2024-12-30T22:40:45","modified_gmt":"2024-12-30T15:40:45","slug":"trang-chu-nestor","status":"publish","type":"page","link":"https:\/\/nestor.vn\/en\/","title":{"rendered":"Homepage"},"content":{"rendered":"","protected":false},"excerpt":{"rendered":"","protected":false},"author":1,"featured_media":0,"parent":0,"menu_order":0,"comment_status":"closed","ping_status":"closed","template":"index.php","meta":{"footnotes":""},"class_list":["post-16","page","type-page","status-publish","hentry"],"acf":[],"yoast_head":"<!-- This site is optimized with the Yoast SEO plugin v25.8 - https:\/\/yoast.com\/wordpress\/plugins\/seo\/ -->\n<title>C\u00f4ng ty TNHH Nestor | Trang ch\u1ee7<\/title>\n<meta name=\"description\" content=\"Nestor Co, Ltd. | \u0110\u1ed1i t\u00e1c \u0111\u00e1ng tin c\u1eady v\u1ec1 gi\u1ea3i ph\u00e1p v\u1eadn chuy\u1ec3n h\u00e0ng d\u1ef1 \u00e1n v\u00e0 qu\u1ea3n l\u00fd chu\u1ed7i cung \u1ee9ng | Cam k\u1ebft ch\u1ea5t l\u01b0\u1ee3ng | Chi ph\u00ed t\u1ed1i \u01b0u\" \/>\n<meta name=\"robots\" content=\"index, follow, max-snippet:-1, max-image-preview:large, max-video-preview:-1\" \/>\n<link rel=\"canonical\" href=\"https:\/\/nestor.vn\/en\/\" \/>\n<meta property=\"og:locale\" content=\"en_US\" \/>\n<meta property=\"og:type\" content=\"article\" \/>\n<meta property=\"og:title\" content=\"C\u00f4ng ty TNHH Nestor | Trang ch\u1ee7\" \/>\n<meta property=\"og:description\" content=\"Nestor Co, Ltd. | \u0110\u1ed1i t\u00e1c \u0111\u00e1ng tin c\u1eady v\u1ec1 gi\u1ea3i ph\u00e1p v\u1eadn chuy\u1ec3n h\u00e0ng d\u1ef1 \u00e1n v\u00e0 qu\u1ea3n l\u00fd chu\u1ed7i cung \u1ee9ng | Cam k\u1ebft ch\u1ea5t l\u01b0\u1ee3ng | Chi ph\u00ed t\u1ed1i \u01b0u\" \/>\n<meta property=\"og:url\" content=\"https:\/\/nestor.vn\/en\/\" \/>\n<meta property=\"og:site_name\" content=\"Nestor\" \/>\n<meta property=\"article:modified_time\" content=\"2024-12-30T15:40:45+00:00\" \/>\n<meta name=\"twitter:card\" content=\"summary_large_image\" \/>\n<script type=\"application\/ld+json\" class=\"yoast-schema-graph\">{\"@context\":\"https:\/\/schema.org\",\"@graph\":[{\"@type\":\"WebPage\",\"@id\":\"https:\/\/nestor.vn\/\",\"url\":\"https:\/\/nestor.vn\/\",\"name\":\"C\u00f4ng ty TNHH Nestor | Trang ch\u1ee7\",\"isPartOf\":{\"@id\":\"https:\/\/nestor.vn\/#website\"},\"datePublished\":\"2023-08-31T04:05:20+00:00\",\"dateModified\":\"2024-12-30T15:40:45+00:00\",\"description\":\"Nestor Co, Ltd. | \u0110\u1ed1i t\u00e1c \u0111\u00e1ng tin c\u1eady v\u1ec1 gi\u1ea3i ph\u00e1p v\u1eadn chuy\u1ec3n h\u00e0ng d\u1ef1 \u00e1n v\u00e0 qu\u1ea3n l\u00fd chu\u1ed7i cung \u1ee9ng | Cam k\u1ebft ch\u1ea5t l\u01b0\u1ee3ng | Chi ph\u00ed t\u1ed1i \u01b0u\",\"breadcrumb\":{\"@id\":\"https:\/\/nestor.vn\/#breadcrumb\"},\"inLanguage\":\"en-US\",\"potentialAction\":[{\"@type\":\"ReadAction\",\"target\":[\"https:\/\/nestor.vn\/\"]}]},{\"@type\":\"BreadcrumbList\",\"@id\":\"https:\/\/nestor.vn\/#breadcrumb\",\"itemListElement\":[{\"@type\":\"ListItem\",\"position\":1,\"name\":\"Trang ch\u1ee7\",\"item\":\"https:\/\/nestor.vn\/\"},{\"@type\":\"ListItem\",\"position\":2,\"name\":\"Trang ch\u1ee7\"}]},{\"@type\":\"WebSite\",\"@id\":\"https:\/\/nestor.vn\/#website\",\"url\":\"https:\/\/nestor.vn\/\",\"name\":\"Nestor\",\"description\":\"\",\"potentialAction\":[{\"@type\":\"SearchAction\",\"target\":{\"@type\":\"EntryPoint\",\"urlTemplate\":\"https:\/\/nestor.vn\/?s={search_term_string}\"},\"query-input\":{\"@type\":\"PropertyValueSpecification\",\"valueRequired\":true,\"valueName\":\"search_term_string\"}}],\"inLanguage\":\"en-US\"}]}<\/script>\n<!-- \/ Yoast SEO plugin. -->","yoast_head_json":{"title":"C\u00f4ng ty TNHH Nestor | Trang ch\u1ee7","description":"Nestor Co, Ltd. | \u0110\u1ed1i t\u00e1c \u0111\u00e1ng tin c\u1eady v\u1ec1 gi\u1ea3i ph\u00e1p v\u1eadn chuy\u1ec3n h\u00e0ng d\u1ef1 \u00e1n v\u00e0 qu\u1ea3n l\u00fd chu\u1ed7i cung \u1ee9ng | Cam k\u1ebft ch\u1ea5t l\u01b0\u1ee3ng | Chi ph\u00ed t\u1ed1i \u01b0u","robots":{"index":"index","follow":"follow","max-snippet":"max-snippet:-1","max-image-preview":"max-image-preview:large","max-video-preview":"max-video-preview:-1"},"canonical":"https:\/\/nestor.vn\/en\/","og_locale":"en_US","og_type":"article","og_title":"C\u00f4ng ty TNHH Nestor | Trang ch\u1ee7","og_description":"Nestor Co, Ltd. | \u0110\u1ed1i t\u00e1c \u0111\u00e1ng tin c\u1eady v\u1ec1 gi\u1ea3i ph\u00e1p v\u1eadn chuy\u1ec3n h\u00e0ng d\u1ef1 \u00e1n v\u00e0 qu\u1ea3n l\u00fd chu\u1ed7i cung \u1ee9ng | Cam k\u1ebft ch\u1ea5t l\u01b0\u1ee3ng | Chi ph\u00ed t\u1ed1i \u01b0u","og_url":"https:\/\/nestor.vn\/en\/","og_site_name":"Nestor","article_modified_time":"2024-12-30T15:40:45+00:00","twitter_card":"summary_large_image","schema":{"@context":"https:\/\/schema.org","@graph":[{"@type":"WebPage","@id":"https:\/\/nestor.vn\/","url":"https:\/\/nestor.vn\/","name":"C\u00f4ng ty TNHH Nestor | Trang ch\u1ee7","isPartOf":{"@id":"https:\/\/nestor.vn\/#website"},"datePublished":"2023-08-31T04:05:20+00:00","dateModified":"2024-12-30T15:40:45+00:00","description":"Nestor Co, Ltd. | \u0110\u1ed1i t\u00e1c \u0111\u00e1ng tin c\u1eady v\u1ec1 gi\u1ea3i ph\u00e1p v\u1eadn chuy\u1ec3n h\u00e0ng d\u1ef1 \u00e1n v\u00e0 qu\u1ea3n l\u00fd chu\u1ed7i cung \u1ee9ng | Cam k\u1ebft ch\u1ea5t l\u01b0\u1ee3ng | Chi ph\u00ed t\u1ed1i \u01b0u","breadcrumb":{"@id":"https:\/\/nestor.vn\/#breadcrumb"},"inLanguage":"en-US","potentialAction":[{"@type":"ReadAction","target":["https:\/\/nestor.vn\/"]}]},{"@type":"BreadcrumbList","@id":"https:\/\/nestor.vn\/#breadcrumb","itemListElement":[{"@type":"ListItem","position":1,"name":"Trang ch\u1ee7","item":"https:\/\/nestor.vn\/"},{"@type":"ListItem","position":2,"name":"Trang ch\u1ee7"}]},{"@type":"WebSite","@id":"https:\/\/nestor.vn\/#website","url":"https:\/\/nestor.vn\/","name":"Nestor\u2019s Commitment to Continued Community Support","description":"","potentialAction":[{"@type":"SearchAction","target":{"@type":"EntryPoint","urlTemplate":"https:\/\/nestor.vn\/?s={search_term_string}"},"query-input":{"@type":"PropertyValueSpecification","valueRequired":true,"valueName":"search_term_string"}}],"inLanguage":"en-US"}]}},"_links":{"self":[{"href":"https:\/\/nestor.vn\/en\/wp-json\/wp\/v2\/pages\/16","targetHints":{"allow":["GET"]}}],"collection":[{"href":"https:\/\/nestor.vn\/en\/wp-json\/wp\/v2\/pages"}],"about":[{"href":"https:\/\/nestor.vn\/en\/wp-json\/wp\/v2\/types\/page"}],"author":[{"embeddable":true,"href":"https:\/\/nestor.vn\/en\/wp-json\/wp\/v2\/users\/1"}],"replies":[{"embeddable":true,"href":"https:\/\/nestor.vn\/en\/wp-json\/wp\/v2\/comments?post=16"}],"version-history":[{"count":96,"href":"https:\/\/nestor.vn\/en\/wp-json\/wp\/v2\/pages\/16\/revisions"}],"predecessor-version":[{"id":857,"href":"https:\/\/nestor.vn\/en\/wp-json\/wp\/v2\/pages\/16\/revisions\/857"}],"wp:attachment":[{"href":"https:\/\/nestor.vn\/en\/wp-json\/wp\/v2\/media?parent=16"}],"curies":[{"name":"wp","href":"https:\/\/api.w.org\/{rel}","templated":true}]}}