{"id":20,"date":"2023-08-31T11:05:55","date_gmt":"2023-08-31T04:05:55","guid":{"rendered":"https:\/\/nestor.vn\/?page_id=20"},"modified":"2025-07-17T21:05:49","modified_gmt":"2025-07-17T14:05:49","slug":"ve-chung-toi-nestor","status":"publish","type":"page","link":"https:\/\/nestor.vn\/en\/ve-chung-toi-nestor\/","title":{"rendered":"About Us"},"content":{"rendered":"","protected":false},"excerpt":{"rendered":"","protected":false},"author":1,"featured_media":0,"parent":0,"menu_order":0,"comment_status":"closed","ping_status":"closed","template":"template-parts\/about-us.php","meta":{"footnotes":""},"class_list":["post-20","page","type-page","status-publish","hentry"],"acf":[],"yoast_head":"<!-- This site is optimized with the Yoast SEO plugin v25.8 - https:\/\/yoast.com\/wordpress\/plugins\/seo\/ -->\n<title>C\u00f4ng ty TNHH Nestor | Gi\u1ea3i Ph\u00e1p V\u1eadn Chuy\u1ec3n H\u00e0ng D\u1ef1 \u00c1n &amp; Ch..<\/title>\n<meta name=\"description\" content=\"C\u00f4ng ty TNHH Nestor - \u0110\u1ed1i t\u00e1c uy t\u00edn trong cung c\u1ea5p gi\u1ea3i ph\u00e1p V\u1eadn chuy\u1ec3n h\u00e0ng D\u1ef1 \u00e1n v\u00e0 Qu\u1ea3n l\u00fd Chu\u1ed7i Cung \u1ee9ng. Cam k\u1ebft ch\u1ea5t l\u01b0\u1ee3ng, hi\u1ec7u qu\u1ea3..\" \/>\n<meta name=\"robots\" content=\"index, follow, max-snippet:-1, max-image-preview:large, max-video-preview:-1\" \/>\n<link rel=\"canonical\" href=\"https:\/\/nestor.vn\/en\/ve-chung-toi-nestor\/\" \/>\n<meta property=\"og:locale\" content=\"en_US\" \/>\n<meta property=\"og:type\" content=\"article\" \/>\n<meta property=\"og:title\" content=\"C\u00f4ng ty TNHH Nestor | Gi\u1ea3i Ph\u00e1p V\u1eadn Chuy\u1ec3n H\u00e0ng D\u1ef1 \u00c1n &amp; Ch..\" \/>\n<meta property=\"og:description\" content=\"C\u00f4ng ty TNHH Nestor - \u0110\u1ed1i t\u00e1c uy t\u00edn trong cung c\u1ea5p gi\u1ea3i ph\u00e1p V\u1eadn chuy\u1ec3n h\u00e0ng D\u1ef1 \u00e1n v\u00e0 Qu\u1ea3n l\u00fd Chu\u1ed7i Cung \u1ee9ng. Cam k\u1ebft ch\u1ea5t l\u01b0\u1ee3ng, hi\u1ec7u qu\u1ea3..\" \/>\n<meta property=\"og:url\" content=\"https:\/\/nestor.vn\/en\/ve-chung-toi-nestor\/\" \/>\n<meta property=\"og:site_name\" content=\"Nestor\" \/>\n<meta property=\"article:modified_time\" content=\"2025-07-17T14:05:49+00:00\" \/>\n<meta name=\"twitter:card\" content=\"summary_large_image\" \/>\n<script type=\"application\/ld+json\" class=\"yoast-schema-graph\">{\"@context\":\"https:\/\/schema.org\",\"@graph\":[{\"@type\":\"WebPage\",\"@id\":\"https:\/\/nestor.vn\/ve-chung-toi-nestor\/\",\"url\":\"https:\/\/nestor.vn\/ve-chung-toi-nestor\/\",\"name\":\"C\u00f4ng ty TNHH Nestor | Gi\u1ea3i Ph\u00e1p V\u1eadn Chuy\u1ec3n H\u00e0ng D\u1ef1 \u00c1n & Ch..\",\"isPartOf\":{\"@id\":\"https:\/\/nestor.vn\/#website\"},\"datePublished\":\"2023-08-31T04:05:55+00:00\",\"dateModified\":\"2025-07-17T14:05:49+00:00\",\"description\":\"C\u00f4ng ty TNHH Nestor - \u0110\u1ed1i t\u00e1c uy t\u00edn trong cung c\u1ea5p gi\u1ea3i ph\u00e1p V\u1eadn chuy\u1ec3n h\u00e0ng D\u1ef1 \u00e1n v\u00e0 Qu\u1ea3n l\u00fd Chu\u1ed7i Cung \u1ee9ng. Cam k\u1ebft ch\u1ea5t l\u01b0\u1ee3ng, hi\u1ec7u qu\u1ea3..\",\"breadcrumb\":{\"@id\":\"https:\/\/nestor.vn\/ve-chung-toi-nestor\/#breadcrumb\"},\"inLanguage\":\"en-US\",\"potentialAction\":[{\"@type\":\"ReadAction\",\"target\":[\"https:\/\/nestor.vn\/ve-chung-toi-nestor\/\"]}]},{\"@type\":\"BreadcrumbList\",\"@id\":\"https:\/\/nestor.vn\/ve-chung-toi-nestor\/#breadcrumb\",\"itemListElement\":[{\"@type\":\"ListItem\",\"position\":1,\"name\":\"Trang ch\u1ee7\",\"item\":\"https:\/\/nestor.vn\/\"},{\"@type\":\"ListItem\",\"position\":2,\"name\":\"V\u1ec1 ch\u00fang t\u00f4i\"}]},{\"@type\":\"WebSite\",\"@id\":\"https:\/\/nestor.vn\/#website\",\"url\":\"https:\/\/nestor.vn\/\",\"name\":\"Nestor\",\"description\":\"\",\"potentialAction\":[{\"@type\":\"SearchAction\",\"target\":{\"@type\":\"EntryPoint\",\"urlTemplate\":\"https:\/\/nestor.vn\/?s={search_term_string}\"},\"query-input\":{\"@type\":\"PropertyValueSpecification\",\"valueRequired\":true,\"valueName\":\"search_term_string\"}}],\"inLanguage\":\"en-US\"}]}<\/script>\n<!-- \/ Yoast SEO plugin. -->","yoast_head_json":{"title":"C\u00f4ng ty TNHH Nestor | Gi\u1ea3i Ph\u00e1p V\u1eadn Chuy\u1ec3n H\u00e0ng D\u1ef1 \u00c1n & Ch..","description":"C\u00f4ng ty TNHH Nestor - \u0110\u1ed1i t\u00e1c uy t\u00edn trong cung c\u1ea5p gi\u1ea3i ph\u00e1p V\u1eadn chuy\u1ec3n h\u00e0ng D\u1ef1 \u00e1n v\u00e0 Qu\u1ea3n l\u00fd Chu\u1ed7i Cung \u1ee9ng. Cam k\u1ebft ch\u1ea5t l\u01b0\u1ee3ng, hi\u1ec7u qu\u1ea3..","robots":{"index":"index","follow":"follow","max-snippet":"max-snippet:-1","max-image-preview":"max-image-preview:large","max-video-preview":"max-video-preview:-1"},"canonical":"https:\/\/nestor.vn\/en\/ve-chung-toi-nestor\/","og_locale":"en_US","og_type":"article","og_title":"C\u00f4ng ty TNHH Nestor | Gi\u1ea3i Ph\u00e1p V\u1eadn Chuy\u1ec3n H\u00e0ng D\u1ef1 \u00c1n & Ch..","og_description":"C\u00f4ng ty TNHH Nestor - \u0110\u1ed1i t\u00e1c uy t\u00edn trong cung c\u1ea5p gi\u1ea3i ph\u00e1p V\u1eadn chuy\u1ec3n h\u00e0ng D\u1ef1 \u00e1n v\u00e0 Qu\u1ea3n l\u00fd Chu\u1ed7i Cung \u1ee9ng. Cam k\u1ebft ch\u1ea5t l\u01b0\u1ee3ng, hi\u1ec7u qu\u1ea3..","og_url":"https:\/\/nestor.vn\/en\/ve-chung-toi-nestor\/","og_site_name":"Nestor","article_modified_time":"2025-07-17T14:05:49+00:00","twitter_card":"summary_large_image","schema":{"@context":"https:\/\/schema.org","@graph":[{"@type":"WebPage","@id":"https:\/\/nestor.vn\/ve-chung-toi-nestor\/","url":"https:\/\/nestor.vn\/ve-chung-toi-nestor\/","name":"C\u00f4ng ty TNHH Nestor | Gi\u1ea3i Ph\u00e1p V\u1eadn Chuy\u1ec3n H\u00e0ng D\u1ef1 \u00c1n & Ch..","isPartOf":{"@id":"https:\/\/nestor.vn\/#website"},"datePublished":"2023-08-31T04:05:55+00:00","dateModified":"2025-07-17T14:05:49+00:00","description":"C\u00f4ng ty TNHH Nestor - \u0110\u1ed1i t\u00e1c uy t\u00edn trong cung c\u1ea5p gi\u1ea3i ph\u00e1p V\u1eadn chuy\u1ec3n h\u00e0ng D\u1ef1 \u00e1n v\u00e0 Qu\u1ea3n l\u00fd Chu\u1ed7i Cung \u1ee9ng. Cam k\u1ebft ch\u1ea5t l\u01b0\u1ee3ng, hi\u1ec7u qu\u1ea3..","breadcrumb":{"@id":"https:\/\/nestor.vn\/ve-chung-toi-nestor\/#breadcrumb"},"inLanguage":"en-US","potentialAction":[{"@type":"ReadAction","target":["https:\/\/nestor.vn\/ve-chung-toi-nestor\/"]}]},{"@type":"BreadcrumbList","@id":"https:\/\/nestor.vn\/ve-chung-toi-nestor\/#breadcrumb","itemListElement":[{"@type":"ListItem","position":1,"name":"Trang ch\u1ee7","item":"https:\/\/nestor.vn\/"},{"@type":"ListItem","position":2,"name":"V\u1ec1 ch\u00fang t\u00f4i"}]},{"@type":"WebSite","@id":"https:\/\/nestor.vn\/#website","url":"https:\/\/nestor.vn\/","name":"Nestor\u2019s Commitment to Continued Community Support","description":"","potentialAction":[{"@type":"SearchAction","target":{"@type":"EntryPoint","urlTemplate":"https:\/\/nestor.vn\/?s={search_term_string}"},"query-input":{"@type":"PropertyValueSpecification","valueRequired":true,"valueName":"search_term_string"}}],"inLanguage":"en-US"}]}},"_links":{"self":[{"href":"https:\/\/nestor.vn\/en\/wp-json\/wp\/v2\/pages\/20","targetHints":{"allow":["GET"]}}],"collection":[{"href":"https:\/\/nestor.vn\/en\/wp-json\/wp\/v2\/pages"}],"about":[{"href":"https:\/\/nestor.vn\/en\/wp-json\/wp\/v2\/types\/page"}],"author":[{"embeddable":true,"href":"https:\/\/nestor.vn\/en\/wp-json\/wp\/v2\/users\/1"}],"replies":[{"embeddable":true,"href":"https:\/\/nestor.vn\/en\/wp-json\/wp\/v2\/comments?post=20"}],"version-history":[{"count":41,"href":"https:\/\/nestor.vn\/en\/wp-json\/wp\/v2\/pages\/20\/revisions"}],"predecessor-version":[{"id":878,"href":"https:\/\/nestor.vn\/en\/wp-json\/wp\/v2\/pages\/20\/revisions\/878"}],"wp:attachment":[{"href":"https:\/\/nestor.vn\/en\/wp-json\/wp\/v2\/media?parent=20"}],"curies":[{"name":"wp","href":"https:\/\/api.w.org\/{rel}","templated":true}]}}