{"id":26,"date":"2023-08-31T11:06:51","date_gmt":"2023-08-31T04:06:51","guid":{"rendered":"https:\/\/nestor.vn\/?page_id=26"},"modified":"2024-10-30T16:02:25","modified_gmt":"2024-10-30T09:02:25","slug":"lien-he","status":"publish","type":"page","link":"https:\/\/nestor.vn\/en\/lien-he\/","title":{"rendered":"Contact Us"},"content":{"rendered":"","protected":false},"excerpt":{"rendered":"","protected":false},"author":1,"featured_media":0,"parent":0,"menu_order":0,"comment_status":"closed","ping_status":"closed","template":"template-parts\/contact.php","meta":{"footnotes":""},"class_list":["post-26","page","type-page","status-publish","hentry"],"acf":[],"yoast_head":"<!-- This site is optimized with the Yoast SEO plugin v25.8 - https:\/\/yoast.com\/wordpress\/plugins\/seo\/ -->\n<title>Li\u00ean H\u1ec7 Nestor \u2013 T\u01b0 V\u1ea5n Gi\u1ea3i Ph\u00e1p V\u1eadn Chuy\u1ec3n &amp; Qu\u1ea3n L\u00fd Chu\u1ed7i<\/title>\n<meta name=\"description\" content=\"Li\u00ean h\u1ec7 Nestor \u0111\u1ec3 nh\u1eadn t\u01b0 v\u1ea5n v\u00e0 b\u00e1o gi\u00e1 v\u1ec1 gi\u1ea3i ph\u00e1p v\u1eadn chuy\u1ec3n h\u00e0ng d\u1ef1 \u00e1n v\u00e0 qu\u1ea3n l\u00fd chu\u1ed7i cung \u1ee9ng. \u0110\u1ed9i ng\u0169 chuy\u00ean nghi\u1ec7p, h\u1ed7 tr\u1ee3 24\/7...\" \/>\n<meta name=\"robots\" content=\"index, follow, max-snippet:-1, max-image-preview:large, max-video-preview:-1\" \/>\n<link rel=\"canonical\" href=\"https:\/\/nestor.vn\/en\/lien-he\/\" \/>\n<meta property=\"og:locale\" content=\"en_US\" \/>\n<meta property=\"og:type\" content=\"article\" \/>\n<meta property=\"og:title\" content=\"Li\u00ean H\u1ec7 Nestor \u2013 T\u01b0 V\u1ea5n Gi\u1ea3i Ph\u00e1p V\u1eadn Chuy\u1ec3n &amp; Qu\u1ea3n L\u00fd Chu\u1ed7i\" \/>\n<meta property=\"og:description\" content=\"Li\u00ean h\u1ec7 Nestor \u0111\u1ec3 nh\u1eadn t\u01b0 v\u1ea5n v\u00e0 b\u00e1o gi\u00e1 v\u1ec1 gi\u1ea3i ph\u00e1p v\u1eadn chuy\u1ec3n h\u00e0ng d\u1ef1 \u00e1n v\u00e0 qu\u1ea3n l\u00fd chu\u1ed7i cung \u1ee9ng. \u0110\u1ed9i ng\u0169 chuy\u00ean nghi\u1ec7p, h\u1ed7 tr\u1ee3 24\/7...\" \/>\n<meta property=\"og:url\" content=\"https:\/\/nestor.vn\/en\/lien-he\/\" \/>\n<meta property=\"og:site_name\" content=\"Nestor\" \/>\n<meta property=\"article:modified_time\" content=\"2024-10-30T09:02:25+00:00\" \/>\n<meta name=\"twitter:card\" content=\"summary_large_image\" \/>\n<script type=\"application\/ld+json\" class=\"yoast-schema-graph\">{\"@context\":\"https:\/\/schema.org\",\"@graph\":[{\"@type\":\"WebPage\",\"@id\":\"https:\/\/nestor.vn\/lien-he\/\",\"url\":\"https:\/\/nestor.vn\/lien-he\/\",\"name\":\"Li\u00ean H\u1ec7 Nestor \u2013 T\u01b0 V\u1ea5n Gi\u1ea3i Ph\u00e1p V\u1eadn Chuy\u1ec3n & Qu\u1ea3n L\u00fd Chu\u1ed7i\",\"isPartOf\":{\"@id\":\"https:\/\/nestor.vn\/#website\"},\"datePublished\":\"2023-08-31T04:06:51+00:00\",\"dateModified\":\"2024-10-30T09:02:25+00:00\",\"description\":\"Li\u00ean h\u1ec7 Nestor \u0111\u1ec3 nh\u1eadn t\u01b0 v\u1ea5n v\u00e0 b\u00e1o gi\u00e1 v\u1ec1 gi\u1ea3i ph\u00e1p v\u1eadn chuy\u1ec3n h\u00e0ng d\u1ef1 \u00e1n v\u00e0 qu\u1ea3n l\u00fd chu\u1ed7i cung \u1ee9ng. \u0110\u1ed9i ng\u0169 chuy\u00ean nghi\u1ec7p, h\u1ed7 tr\u1ee3 24\/7...\",\"breadcrumb\":{\"@id\":\"https:\/\/nestor.vn\/lien-he\/#breadcrumb\"},\"inLanguage\":\"en-US\",\"potentialAction\":[{\"@type\":\"ReadAction\",\"target\":[\"https:\/\/nestor.vn\/lien-he\/\"]}]},{\"@type\":\"BreadcrumbList\",\"@id\":\"https:\/\/nestor.vn\/lien-he\/#breadcrumb\",\"itemListElement\":[{\"@type\":\"ListItem\",\"position\":1,\"name\":\"Trang ch\u1ee7\",\"item\":\"https:\/\/nestor.vn\/\"},{\"@type\":\"ListItem\",\"position\":2,\"name\":\"Li\u00ean h\u1ec7\"}]},{\"@type\":\"WebSite\",\"@id\":\"https:\/\/nestor.vn\/#website\",\"url\":\"https:\/\/nestor.vn\/\",\"name\":\"Nestor\",\"description\":\"\",\"potentialAction\":[{\"@type\":\"SearchAction\",\"target\":{\"@type\":\"EntryPoint\",\"urlTemplate\":\"https:\/\/nestor.vn\/?s={search_term_string}\"},\"query-input\":{\"@type\":\"PropertyValueSpecification\",\"valueRequired\":true,\"valueName\":\"search_term_string\"}}],\"inLanguage\":\"en-US\"}]}<\/script>\n<!-- \/ Yoast SEO plugin. -->","yoast_head_json":{"title":"Li\u00ean H\u1ec7 Nestor \u2013 T\u01b0 V\u1ea5n Gi\u1ea3i Ph\u00e1p V\u1eadn Chuy\u1ec3n & Qu\u1ea3n L\u00fd Chu\u1ed7i","description":"Li\u00ean h\u1ec7 Nestor \u0111\u1ec3 nh\u1eadn t\u01b0 v\u1ea5n v\u00e0 b\u00e1o gi\u00e1 v\u1ec1 gi\u1ea3i ph\u00e1p v\u1eadn chuy\u1ec3n h\u00e0ng d\u1ef1 \u00e1n v\u00e0 qu\u1ea3n l\u00fd chu\u1ed7i cung \u1ee9ng. \u0110\u1ed9i ng\u0169 chuy\u00ean nghi\u1ec7p, h\u1ed7 tr\u1ee3 24\/7...","robots":{"index":"index","follow":"follow","max-snippet":"max-snippet:-1","max-image-preview":"max-image-preview:large","max-video-preview":"max-video-preview:-1"},"canonical":"https:\/\/nestor.vn\/en\/lien-he\/","og_locale":"en_US","og_type":"article","og_title":"Li\u00ean H\u1ec7 Nestor \u2013 T\u01b0 V\u1ea5n Gi\u1ea3i Ph\u00e1p V\u1eadn Chuy\u1ec3n & Qu\u1ea3n L\u00fd Chu\u1ed7i","og_description":"Li\u00ean h\u1ec7 Nestor \u0111\u1ec3 nh\u1eadn t\u01b0 v\u1ea5n v\u00e0 b\u00e1o gi\u00e1 v\u1ec1 gi\u1ea3i ph\u00e1p v\u1eadn chuy\u1ec3n h\u00e0ng d\u1ef1 \u00e1n v\u00e0 qu\u1ea3n l\u00fd chu\u1ed7i cung \u1ee9ng. \u0110\u1ed9i ng\u0169 chuy\u00ean nghi\u1ec7p, h\u1ed7 tr\u1ee3 24\/7...","og_url":"https:\/\/nestor.vn\/en\/lien-he\/","og_site_name":"Nestor","article_modified_time":"2024-10-30T09:02:25+00:00","twitter_card":"summary_large_image","schema":{"@context":"https:\/\/schema.org","@graph":[{"@type":"WebPage","@id":"https:\/\/nestor.vn\/lien-he\/","url":"https:\/\/nestor.vn\/lien-he\/","name":"Li\u00ean H\u1ec7 Nestor \u2013 T\u01b0 V\u1ea5n Gi\u1ea3i Ph\u00e1p V\u1eadn Chuy\u1ec3n & Qu\u1ea3n L\u00fd Chu\u1ed7i","isPartOf":{"@id":"https:\/\/nestor.vn\/#website"},"datePublished":"2023-08-31T04:06:51+00:00","dateModified":"2024-10-30T09:02:25+00:00","description":"Li\u00ean h\u1ec7 Nestor \u0111\u1ec3 nh\u1eadn t\u01b0 v\u1ea5n v\u00e0 b\u00e1o gi\u00e1 v\u1ec1 gi\u1ea3i ph\u00e1p v\u1eadn chuy\u1ec3n h\u00e0ng d\u1ef1 \u00e1n v\u00e0 qu\u1ea3n l\u00fd chu\u1ed7i cung \u1ee9ng. \u0110\u1ed9i ng\u0169 chuy\u00ean nghi\u1ec7p, h\u1ed7 tr\u1ee3 24\/7...","breadcrumb":{"@id":"https:\/\/nestor.vn\/lien-he\/#breadcrumb"},"inLanguage":"en-US","potentialAction":[{"@type":"ReadAction","target":["https:\/\/nestor.vn\/lien-he\/"]}]},{"@type":"BreadcrumbList","@id":"https:\/\/nestor.vn\/lien-he\/#breadcrumb","itemListElement":[{"@type":"ListItem","position":1,"name":"Trang ch\u1ee7","item":"https:\/\/nestor.vn\/"},{"@type":"ListItem","position":2,"name":"Li\u00ean h\u1ec7"}]},{"@type":"WebSite","@id":"https:\/\/nestor.vn\/#website","url":"https:\/\/nestor.vn\/","name":"Nestor\u2019s Commitment to Continued Community Support","description":"","potentialAction":[{"@type":"SearchAction","target":{"@type":"EntryPoint","urlTemplate":"https:\/\/nestor.vn\/?s={search_term_string}"},"query-input":{"@type":"PropertyValueSpecification","valueRequired":true,"valueName":"search_term_string"}}],"inLanguage":"en-US"}]}},"_links":{"self":[{"href":"https:\/\/nestor.vn\/en\/wp-json\/wp\/v2\/pages\/26","targetHints":{"allow":["GET"]}}],"collection":[{"href":"https:\/\/nestor.vn\/en\/wp-json\/wp\/v2\/pages"}],"about":[{"href":"https:\/\/nestor.vn\/en\/wp-json\/wp\/v2\/types\/page"}],"author":[{"embeddable":true,"href":"https:\/\/nestor.vn\/en\/wp-json\/wp\/v2\/users\/1"}],"replies":[{"embeddable":true,"href":"https:\/\/nestor.vn\/en\/wp-json\/wp\/v2\/comments?post=26"}],"version-history":[{"count":12,"href":"https:\/\/nestor.vn\/en\/wp-json\/wp\/v2\/pages\/26\/revisions"}],"predecessor-version":[{"id":842,"href":"https:\/\/nestor.vn\/en\/wp-json\/wp\/v2\/pages\/26\/revisions\/842"}],"wp:attachment":[{"href":"https:\/\/nestor.vn\/en\/wp-json\/wp\/v2\/media?parent=26"}],"curies":[{"name":"wp","href":"https:\/\/api.w.org\/{rel}","templated":true}]}}